{"id":1113,"date":"2025-01-22T19:24:12","date_gmt":"2025-01-22T19:24:12","guid":{"rendered":"https:\/\/cubovertical.pt\/projets\/pavillon-industriel-commercial\/"},"modified":"2025-02-18T10:57:12","modified_gmt":"2025-02-18T10:57:12","slug":"pavillon-industriel-commercial","status":"publish","type":"page","link":"https:\/\/cubovertical.pt\/fr\/projets\/pavillon-industriel-commercial\/","title":{"rendered":"PAVILLON INDUSTRIEL\/COMMERCIAL"},"content":{"rendered":"\t\t<div data-elementor-type=\"wp-page\" data-elementor-id=\"1113\" class=\"elementor elementor-1113 elementor-324\" data-elementor-post-type=\"page\">\n\t\t\t\t<div class=\"elementor-element elementor-element-b10923c e-con-full e-flex e-con e-parent\" data-id=\"b10923c\" data-element_type=\"container\">\n\t\t\t\t<div class=\"elementor-element elementor-element-68b7c77 elementor-widget elementor-widget-template\" data-id=\"68b7c77\" data-element_type=\"widget\" data-widget_type=\"template.default\">\n\t\t\t\t<div class=\"elementor-widget-container\">\n\t\t\t\t\t\t\t<div class=\"elementor-template\">\n\t\t\t\t\t<div data-elementor-type=\"page\" data-elementor-id=\"1111\" class=\"elementor elementor-1111 elementor-314\" data-elementor-post-type=\"elementor_library\">\n\t\t\t\t\t\t<section class=\"elementor-section elementor-top-section elementor-element elementor-element-62ffb1aa elementor-section-height-min-height elementor-section-boxed elementor-section-height-default elementor-section-items-middle\" data-id=\"62ffb1aa\" data-element_type=\"section\" data-settings=\"{&quot;background_background&quot;:&quot;classic&quot;}\">\n\t\t\t\t\t\t\t<div class=\"elementor-background-overlay\"><\/div>\n\t\t\t\t\t\t\t<div class=\"elementor-container elementor-column-gap-default\">\n\t\t\t\t\t<div class=\"elementor-column elementor-col-100 elementor-top-column elementor-element elementor-element-1ddc073\" data-id=\"1ddc073\" data-element_type=\"column\">\n\t\t\t<div class=\"elementor-widget-wrap elementor-element-populated\">\n\t\t\t\t\t\t<div class=\"elementor-element elementor-element-1ab04a85 elementor-hidden-tablet elementor-hidden-mobile elementor-invisible elementor-widget elementor-widget-heading\" data-id=\"1ab04a85\" data-element_type=\"widget\" data-settings=\"{&quot;_animation&quot;:&quot;fadeInDown&quot;}\" data-widget_type=\"heading.default\">\n\t\t\t\t<div class=\"elementor-widget-container\">\n\t\t\t\t\t<h1 class=\"elementor-heading-title elementor-size-default\">PAVILLON INDUSTRIEL\/COMMERCIAL<\/h1>\t\t\t\t<\/div>\n\t\t\t\t<\/div>\n\t\t\t\t<div class=\"elementor-element elementor-element-7bc4fd4 elementor-hidden-desktop elementor-invisible elementor-widget elementor-widget-heading\" data-id=\"7bc4fd4\" data-element_type=\"widget\" data-settings=\"{&quot;_animation&quot;:&quot;fadeInDown&quot;}\" data-widget_type=\"heading.default\">\n\t\t\t\t<div class=\"elementor-widget-container\">\n\t\t\t\t\t<h1 class=\"elementor-heading-title elementor-size-default\">PAVILLON INDUSTRIEL\/COMMERCIAL<\/h1>\t\t\t\t<\/div>\n\t\t\t\t<\/div>\n\t\t\t\t<div class=\"elementor-element elementor-element-0af12c0 elementor-invisible elementor-widget elementor-widget-heading\" data-id=\"0af12c0\" data-element_type=\"widget\" data-settings=\"{&quot;_animation&quot;:&quot;fadeInDown&quot;}\" data-widget_type=\"heading.default\">\n\t\t\t\t<div class=\"elementor-widget-container\">\n\t\t\t\t\t<h2 class=\"elementor-heading-title elementor-size-default\">Marco de Canaveses - Portugal<\/h2>\t\t\t\t<\/div>\n\t\t\t\t<\/div>\n\t\t\t\t\t<\/div>\n\t\t<\/div>\n\t\t\t\t\t<\/div>\n\t\t<\/section>\n\t\t\t\t<section class=\"elementor-section elementor-top-section elementor-element elementor-element-142a9b5b elementor-section-boxed elementor-section-height-default elementor-section-height-default\" data-id=\"142a9b5b\" data-element_type=\"section\">\n\t\t\t\t\t\t<div class=\"elementor-container elementor-column-gap-default\">\n\t\t\t\t\t<div class=\"elementor-column elementor-col-100 elementor-top-column elementor-element elementor-element-ebb1721\" data-id=\"ebb1721\" data-element_type=\"column\" data-settings=\"{&quot;background_background&quot;:&quot;classic&quot;}\">\n\t\t\t<div class=\"elementor-widget-wrap elementor-element-populated\">\n\t\t\t\t\t<div class=\"elementor-background-overlay\"><\/div>\n\t\t\t\t\t\t<section class=\"elementor-section elementor-inner-section elementor-element elementor-element-70ccd61d elementor-section-boxed elementor-section-height-default elementor-section-height-default\" data-id=\"70ccd61d\" data-element_type=\"section\">\n\t\t\t\t\t\t<div class=\"elementor-container elementor-column-gap-default\">\n\t\t\t\t\t<div class=\"elementor-column elementor-col-50 elementor-inner-column elementor-element elementor-element-027860c\" data-id=\"027860c\" data-element_type=\"column\">\n\t\t\t<div class=\"elementor-widget-wrap elementor-element-populated\">\n\t\t\t\t\t\t<div class=\"elementor-element elementor-element-f7421cf elementor-icon-list--layout-inline elementor-align-left elementor-list-item-link-full_width elementor-widget elementor-widget-icon-list\" data-id=\"f7421cf\" data-element_type=\"widget\" data-widget_type=\"icon-list.default\">\n\t\t\t\t<div class=\"elementor-widget-container\">\n\t\t\t\t\t\t\t<ul class=\"elementor-icon-list-items elementor-inline-items\">\n\t\t\t\t\t\t\t<li class=\"elementor-icon-list-item elementor-inline-item\">\n\t\t\t\t\t\t\t\t\t\t\t<a href=\"https:\/\/cubovertical.pt\/fr\/projets\/\">\n\n\t\t\t\t\t\t\t\t\t\t\t\t<span class=\"elementor-icon-list-icon\">\n\t\t\t\t\t\t\t<svg aria-hidden=\"true\" class=\"e-font-icon-svg e-fas-angle-left\" viewBox=\"0 0 256 512\" xmlns=\"http:\/\/www.w3.org\/2000\/svg\"><path d=\"M31.7 239l136-136c9.4-9.4 24.6-9.4 33.9 0l22.6 22.6c9.4 9.4 9.4 24.6 0 33.9L127.9 256l96.4 96.4c9.4 9.4 9.4 24.6 0 33.9L201.7 409c-9.4 9.4-24.6 9.4-33.9 0l-136-136c-9.5-9.4-9.5-24.6-.1-34z\"><\/path><\/svg>\t\t\t\t\t\t<\/span>\n\t\t\t\t\t\t\t\t\t\t<span class=\"elementor-icon-list-text\">RETOUR<\/span>\n\t\t\t\t\t\t\t\t\t\t\t<\/a>\n\t\t\t\t\t\t\t\t\t<\/li>\n\t\t\t\t\t\t<\/ul>\n\t\t\t\t\t\t<\/div>\n\t\t\t\t<\/div>\n\t\t\t\t<div class=\"elementor-element elementor-element-fb9d74d elementor-widget elementor-widget-spacer\" data-id=\"fb9d74d\" data-element_type=\"widget\" data-widget_type=\"spacer.default\">\n\t\t\t\t<div class=\"elementor-widget-container\">\n\t\t\t\t\t\t\t<div class=\"elementor-spacer\">\n\t\t\t<div class=\"elementor-spacer-inner\"><\/div>\n\t\t<\/div>\n\t\t\t\t\t\t<\/div>\n\t\t\t\t<\/div>\n\t\t\t\t<div class=\"elementor-element elementor-element-46834d4 elementor-invisible elementor-widget elementor-widget-heading\" data-id=\"46834d4\" data-element_type=\"widget\" data-settings=\"{&quot;_animation&quot;:&quot;fadeInLeft&quot;}\" data-widget_type=\"heading.default\">\n\t\t\t\t<div class=\"elementor-widget-container\">\n\t\t\t\t\t<h2 class=\"elementor-heading-title elementor-size-default\">DESCRIPTION<\/h2>\t\t\t\t<\/div>\n\t\t\t\t<\/div>\n\t\t\t\t<div class=\"elementor-element elementor-element-19cf600 elementor-widget elementor-widget-spacer\" data-id=\"19cf600\" data-element_type=\"widget\" data-widget_type=\"spacer.default\">\n\t\t\t\t<div class=\"elementor-widget-container\">\n\t\t\t\t\t\t\t<div class=\"elementor-spacer\">\n\t\t\t<div class=\"elementor-spacer-inner\"><\/div>\n\t\t<\/div>\n\t\t\t\t\t\t<\/div>\n\t\t\t\t<\/div>\n\t\t\t\t<div class=\"elementor-element elementor-element-c608604 elementor-widget__width-initial elementor-widget-mobile__width-inherit elementor-widget elementor-widget-text-editor\" data-id=\"c608604\" data-element_type=\"widget\" data-widget_type=\"text-editor.default\">\n\t\t\t\t<div class=\"elementor-widget-container\">\n\t\t\t\t\t\t\t\t\t<p>Cubo Vertical a \u00e9t\u00e9 responsable des domaines d&rsquo;activit\u00e9 suivants :<\/p>\t\t\t\t\t\t\t\t<\/div>\n\t\t\t\t<\/div>\n\t\t\t\t<div class=\"elementor-element elementor-element-3a21497 elementor-widget elementor-widget-spacer\" data-id=\"3a21497\" data-element_type=\"widget\" data-widget_type=\"spacer.default\">\n\t\t\t\t<div class=\"elementor-widget-container\">\n\t\t\t\t\t\t\t<div class=\"elementor-spacer\">\n\t\t\t<div class=\"elementor-spacer-inner\"><\/div>\n\t\t<\/div>\n\t\t\t\t\t\t<\/div>\n\t\t\t\t<\/div>\n\t\t\t\t<div class=\"elementor-element elementor-element-aed97b7 elementor-icon-list--layout-traditional elementor-list-item-link-full_width elementor-widget elementor-widget-icon-list\" data-id=\"aed97b7\" data-element_type=\"widget\" data-widget_type=\"icon-list.default\">\n\t\t\t\t<div class=\"elementor-widget-container\">\n\t\t\t\t\t\t\t<ul class=\"elementor-icon-list-items\">\n\t\t\t\t\t\t\t<li class=\"elementor-icon-list-item\">\n\t\t\t\t\t\t\t\t\t\t<span class=\"elementor-icon-list-text\">Structure m\u00e9tallique<\/span>\n\t\t\t\t\t\t\t\t\t<\/li>\n\t\t\t\t\t\t\t\t<li class=\"elementor-icon-list-item\">\n\t\t\t\t\t\t\t\t\t\t<span class=\"elementor-icon-list-text\">Toiture avec un syst\u00e8me de deck compos\u00e9 de laine de roche et d'une membrane synth\u00e9tique en TPO<\/span>\n\t\t\t\t\t\t\t\t\t<\/li>\n\t\t\t\t\t\t\t\t<li class=\"elementor-icon-list-item\">\n\t\t\t\t\t\t\t\t\t\t<span class=\"elementor-icon-list-text\">Portes sectionnelles<\/span>\n\t\t\t\t\t\t\t\t\t<\/li>\n\t\t\t\t\t\t\t\t<li class=\"elementor-icon-list-item\">\n\t\t\t\t\t\t\t\t\t\t<span class=\"elementor-icon-list-text\">Encadrements de fen\u00eatres en aluminium<\/span>\n\t\t\t\t\t\t\t\t\t<\/li>\n\t\t\t\t\t\t\t\t<li class=\"elementor-icon-list-item\">\n\t\t\t\t\t\t\t\t\t\t<span class=\"elementor-icon-list-text\">Bardage de fa\u00e7ade en panneaux sandwich<\/span>\n\t\t\t\t\t\t\t\t\t<\/li>\n\t\t\t\t\t\t<\/ul>\n\t\t\t\t\t\t<\/div>\n\t\t\t\t<\/div>\n\t\t\t\t\t<\/div>\n\t\t<\/div>\n\t\t\t\t<div class=\"elementor-column elementor-col-50 elementor-inner-column elementor-element elementor-element-c37851f\" data-id=\"c37851f\" data-element_type=\"column\">\n\t\t\t<div class=\"elementor-widget-wrap elementor-element-populated\">\n\t\t\t\t<div class=\"elementor-element elementor-element-6c47dd5 e-grid elementor-hidden-tablet elementor-hidden-mobile e-con-boxed e-con e-parent\" data-id=\"6c47dd5\" data-element_type=\"container\">\n\t\t\t\t\t<div class=\"e-con-inner\">\n\t\t\t\t<div class=\"elementor-element elementor-element-b15e423 elementor-widget elementor-widget-image\" data-id=\"b15e423\" data-element_type=\"widget\" data-widget_type=\"image.default\">\n\t\t\t\t<div class=\"elementor-widget-container\">\n\t\t\t\t\t\t\t\t\t\t\t\t\t\t\t\t<a href=\"https:\/\/cubovertical.pt\/wp-content\/uploads\/2025\/01\/PAVILHAO-INDUSTRIAL-COMERCIAL.png\" data-elementor-open-lightbox=\"yes\" data-elementor-lightbox-title=\"PAVILLON INDUSTRIEL-COMMERCIAL\" data-e-action-hash=\"#elementor-action%3Aaction%3Dlightbox%26settings%3DeyJpZCI6ODA5LCJ1cmwiOiJodHRwczpcL1wvY3Vib3ZlcnRpY2FsLnB0XC93cC1jb250ZW50XC91cGxvYWRzXC8yMDI1XC8wMVwvUEFWSUxIQU8tSU5EVVNUUklBTC1DT01FUkNJQUwucG5nIn0%3D\">\n\t\t\t\t\t\t\t<img fetchpriority=\"high\" decoding=\"async\" width=\"501\" height=\"323\" src=\"https:\/\/cubovertical.pt\/wp-content\/uploads\/2025\/01\/PAVILHAO-INDUSTRIAL-COMERCIAL.png\" class=\"attachment-full size-full wp-image-809\" alt=\"\" srcset=\"https:\/\/cubovertical.pt\/wp-content\/uploads\/2025\/01\/PAVILHAO-INDUSTRIAL-COMERCIAL.png 501w, https:\/\/cubovertical.pt\/wp-content\/uploads\/2025\/01\/PAVILHAO-INDUSTRIAL-COMERCIAL-300x193.png 300w\" sizes=\"(max-width: 501px) 100vw, 501px\" \/>\t\t\t\t\t\t\t\t<\/a>\n\t\t\t\t\t\t\t\t\t\t\t\t\t\t\t<\/div>\n\t\t\t\t<\/div>\n\t\t\t\t<div class=\"elementor-element elementor-element-e2684e7 elementor-hidden-tablet elementor-hidden-mobile elementor-widget elementor-widget-image\" data-id=\"e2684e7\" data-element_type=\"widget\" data-widget_type=\"image.default\">\n\t\t\t\t<div class=\"elementor-widget-container\">\n\t\t\t\t\t\t\t\t\t\t\t\t\t\t\t\t<a href=\"https:\/\/cubovertical.pt\/wp-content\/uploads\/2025\/01\/PAVILHAO-INDUSTRIAL-COMERCIAL-2-3.png\" data-elementor-open-lightbox=\"yes\" data-elementor-lightbox-title=\"PAVILLON-INDUSTRIEL-COMMERCIAL-2-3\" data-e-action-hash=\"#elementor-action%3Aaction%3Dlightbox%26settings%3DeyJpZCI6ODYxLCJ1cmwiOiJodHRwczpcL1wvY3Vib3ZlcnRpY2FsLnB0XC93cC1jb250ZW50XC91cGxvYWRzXC8yMDI1XC8wMVwvUEFWSUxIQU8tSU5EVVNUUklBTC1DT01FUkNJQUwtMi0zLnBuZyJ9\">\n\t\t\t\t\t\t\t<img decoding=\"async\" width=\"500\" height=\"359\" src=\"https:\/\/cubovertical.pt\/wp-content\/uploads\/2025\/01\/PAVILHAO-INDUSTRIAL-COMERCIAL-2-3.png\" class=\"attachment-full size-full wp-image-861\" alt=\"\" srcset=\"https:\/\/cubovertical.pt\/wp-content\/uploads\/2025\/01\/PAVILHAO-INDUSTRIAL-COMERCIAL-2-3.png 500w, https:\/\/cubovertical.pt\/wp-content\/uploads\/2025\/01\/PAVILHAO-INDUSTRIAL-COMERCIAL-2-3-300x215.png 300w\" sizes=\"(max-width: 500px) 100vw, 500px\" \/>\t\t\t\t\t\t\t\t<\/a>\n\t\t\t\t\t\t\t\t\t\t\t\t\t\t\t<\/div>\n\t\t\t\t<\/div>\n\t\t\t\t\t<\/div>\n\t\t\t\t<\/div>\n\t\t<div class=\"elementor-element elementor-element-bb8fae5 e-grid elementor-hidden-desktop e-con-boxed e-con e-parent\" data-id=\"bb8fae5\" data-element_type=\"container\">\n\t\t\t\t\t<div class=\"e-con-inner\">\n\t\t\t\t<div class=\"elementor-element elementor-element-7206357 elementor-widget elementor-widget-image\" data-id=\"7206357\" data-element_type=\"widget\" data-widget_type=\"image.default\">\n\t\t\t\t<div class=\"elementor-widget-container\">\n\t\t\t\t\t\t\t\t\t\t\t\t\t\t\t\t<a href=\"https:\/\/cubovertical.pt\/wp-content\/uploads\/2025\/01\/PAVILHAO-INDUSTRIAL-COMERCIAL.png\" data-elementor-open-lightbox=\"yes\" data-elementor-lightbox-title=\"PAVILLON INDUSTRIEL-COMMERCIAL\" data-e-action-hash=\"#elementor-action%3Aaction%3Dlightbox%26settings%3DeyJpZCI6ODA5LCJ1cmwiOiJodHRwczpcL1wvY3Vib3ZlcnRpY2FsLnB0XC93cC1jb250ZW50XC91cGxvYWRzXC8yMDI1XC8wMVwvUEFWSUxIQU8tSU5EVVNUUklBTC1DT01FUkNJQUwucG5nIn0%3D\">\n\t\t\t\t\t\t\t<img fetchpriority=\"high\" decoding=\"async\" width=\"501\" height=\"323\" src=\"https:\/\/cubovertical.pt\/wp-content\/uploads\/2025\/01\/PAVILHAO-INDUSTRIAL-COMERCIAL.png\" class=\"attachment-full size-full wp-image-809\" alt=\"\" srcset=\"https:\/\/cubovertical.pt\/wp-content\/uploads\/2025\/01\/PAVILHAO-INDUSTRIAL-COMERCIAL.png 501w, https:\/\/cubovertical.pt\/wp-content\/uploads\/2025\/01\/PAVILHAO-INDUSTRIAL-COMERCIAL-300x193.png 300w\" sizes=\"(max-width: 501px) 100vw, 501px\" \/>\t\t\t\t\t\t\t\t<\/a>\n\t\t\t\t\t\t\t\t\t\t\t\t\t\t\t<\/div>\n\t\t\t\t<\/div>\n\t\t\t\t<div class=\"elementor-element elementor-element-5b3dc8e elementor-widget elementor-widget-image\" data-id=\"5b3dc8e\" data-element_type=\"widget\" data-widget_type=\"image.default\">\n\t\t\t\t<div class=\"elementor-widget-container\">\n\t\t\t\t\t\t\t\t\t\t\t\t\t\t\t\t<a href=\"https:\/\/cubovertical.pt\/wp-content\/uploads\/2025\/01\/PAVILHAO-INDUSTRIAL-COMERCIAL-2.png\" data-elementor-open-lightbox=\"yes\" data-elementor-lightbox-title=\"PAVILLON INDUSTRIEL-COMMERCIAL-2\" data-e-action-hash=\"#elementor-action%3Aaction%3Dlightbox%26settings%3DeyJpZCI6ODE1LCJ1cmwiOiJodHRwczpcL1wvY3Vib3ZlcnRpY2FsLnB0XC93cC1jb250ZW50XC91cGxvYWRzXC8yMDI1XC8wMVwvUEFWSUxIQU8tSU5EVVNUUklBTC1DT01FUkNJQUwtMi5wbmcifQ%3D%3D\">\n\t\t\t\t\t\t\t<img decoding=\"async\" width=\"242\" height=\"359\" src=\"https:\/\/cubovertical.pt\/wp-content\/uploads\/2025\/01\/PAVILHAO-INDUSTRIAL-COMERCIAL-2.png\" class=\"attachment-full size-full wp-image-815\" alt=\"\" srcset=\"https:\/\/cubovertical.pt\/wp-content\/uploads\/2025\/01\/PAVILHAO-INDUSTRIAL-COMERCIAL-2.png 242w, https:\/\/cubovertical.pt\/wp-content\/uploads\/2025\/01\/PAVILHAO-INDUSTRIAL-COMERCIAL-2-202x300.png 202w\" sizes=\"(max-width: 242px) 100vw, 242px\" \/>\t\t\t\t\t\t\t\t<\/a>\n\t\t\t\t\t\t\t\t\t\t\t\t\t\t\t<\/div>\n\t\t\t\t<\/div>\n\t\t\t\t<div class=\"elementor-element elementor-element-27ee895 elementor-widget elementor-widget-image\" data-id=\"27ee895\" data-element_type=\"widget\" data-widget_type=\"image.default\">\n\t\t\t\t<div class=\"elementor-widget-container\">\n\t\t\t\t\t\t\t\t\t\t\t\t\t\t\t\t<a href=\"https:\/\/cubovertical.pt\/wp-content\/uploads\/2025\/01\/PAVILHAO-INDUSTRIAL-COMERCIAL-3.png\" data-elementor-open-lightbox=\"yes\" data-elementor-lightbox-title=\"PAVILLON INDUSTRIEL-COMMERCIAL-3\" data-e-action-hash=\"#elementor-action%3Aaction%3Dlightbox%26settings%3DeyJpZCI6ODEzLCJ1cmwiOiJodHRwczpcL1wvY3Vib3ZlcnRpY2FsLnB0XC93cC1jb250ZW50XC91cGxvYWRzXC8yMDI1XC8wMVwvUEFWSUxIQU8tSU5EVVNUUklBTC1DT01FUkNJQUwtMy5wbmcifQ%3D%3D\">\n\t\t\t\t\t\t\t<img loading=\"lazy\" decoding=\"async\" width=\"239\" height=\"359\" src=\"https:\/\/cubovertical.pt\/wp-content\/uploads\/2025\/01\/PAVILHAO-INDUSTRIAL-COMERCIAL-3.png\" class=\"attachment-full size-full wp-image-813\" alt=\"\" srcset=\"https:\/\/cubovertical.pt\/wp-content\/uploads\/2025\/01\/PAVILHAO-INDUSTRIAL-COMERCIAL-3.png 239w, https:\/\/cubovertical.pt\/wp-content\/uploads\/2025\/01\/PAVILHAO-INDUSTRIAL-COMERCIAL-3-200x300.png 200w\" sizes=\"(max-width: 239px) 100vw, 239px\" \/>\t\t\t\t\t\t\t\t<\/a>\n\t\t\t\t\t\t\t\t\t\t\t\t\t\t\t<\/div>\n\t\t\t\t<\/div>\n\t\t\t\t\t<\/div>\n\t\t\t\t<\/div>\n\t\t\t\t\t<\/div>\n\t\t<\/div>\n\t\t\t\t\t<\/div>\n\t\t<\/section>\n\t\t\t\t<section class=\"elementor-section elementor-inner-section elementor-element elementor-element-0280d60 elementor-section-boxed elementor-section-height-default elementor-section-height-default\" data-id=\"0280d60\" data-element_type=\"section\">\n\t\t\t\t\t\t<div class=\"elementor-container elementor-column-gap-default\">\n\t\t\t\t\t<div class=\"elementor-column elementor-col-50 elementor-inner-column elementor-element elementor-element-ab8e62b\" data-id=\"ab8e62b\" data-element_type=\"column\">\n\t\t\t<div class=\"elementor-widget-wrap elementor-element-populated\">\n\t\t\t\t\t\t<div class=\"elementor-element elementor-element-72fca3a elementor-widget elementor-widget-spacer\" data-id=\"72fca3a\" data-element_type=\"widget\" data-widget_type=\"spacer.default\">\n\t\t\t\t<div class=\"elementor-widget-container\">\n\t\t\t\t\t\t\t<div class=\"elementor-spacer\">\n\t\t\t<div class=\"elementor-spacer-inner\"><\/div>\n\t\t<\/div>\n\t\t\t\t\t\t<\/div>\n\t\t\t\t<\/div>\n\t\t\t\t<div class=\"elementor-element elementor-element-edd594f elementor-widget__width-initial elementor-widget-divider--view-line elementor-widget elementor-widget-divider\" data-id=\"edd594f\" data-element_type=\"widget\" data-widget_type=\"divider.default\">\n\t\t\t\t<div class=\"elementor-widget-container\">\n\t\t\t\t\t\t\t<div class=\"elementor-divider\">\n\t\t\t<span class=\"elementor-divider-separator\">\n\t\t\t\t\t\t<\/span>\n\t\t<\/div>\n\t\t\t\t\t\t<\/div>\n\t\t\t\t<\/div>\n\t\t\t\t<div class=\"elementor-element elementor-element-6200fda elementor-widget__width-auto elementor-widget elementor-widget-text-editor\" data-id=\"6200fda\" data-element_type=\"widget\" data-widget_type=\"text-editor.default\">\n\t\t\t\t<div class=\"elementor-widget-container\">\n\t\t\t\t\t\t\t\t\t<p>Surface de d\u00e9ploiement :<\/p>\t\t\t\t\t\t\t\t<\/div>\n\t\t\t\t<\/div>\n\t\t\t\t<div class=\"elementor-element elementor-element-a888f27 elementor-invisible elementor-widget elementor-widget-heading\" data-id=\"a888f27\" data-element_type=\"widget\" data-settings=\"{&quot;_animation&quot;:&quot;fadeInDown&quot;}\" data-widget_type=\"heading.default\">\n\t\t\t\t<div class=\"elementor-widget-container\">\n\t\t\t\t\t<h2 class=\"elementor-heading-title elementor-size-default\">5200 <span style=\"font-size:21px;\">m2<\/span><\/h2>\t\t\t\t<\/div>\n\t\t\t\t<\/div>\n\t\t\t\t<div class=\"elementor-element elementor-element-eb7cea6 elementor-widget elementor-widget-spacer\" data-id=\"eb7cea6\" data-element_type=\"widget\" data-widget_type=\"spacer.default\">\n\t\t\t\t<div class=\"elementor-widget-container\">\n\t\t\t\t\t\t\t<div class=\"elementor-spacer\">\n\t\t\t<div class=\"elementor-spacer-inner\"><\/div>\n\t\t<\/div>\n\t\t\t\t\t\t<\/div>\n\t\t\t\t<\/div>\n\t\t\t\t<div class=\"elementor-element elementor-element-8f43b33 elementor-widget__width-initial elementor-widget-divider--view-line elementor-widget elementor-widget-divider\" data-id=\"8f43b33\" data-element_type=\"widget\" data-widget_type=\"divider.default\">\n\t\t\t\t<div class=\"elementor-widget-container\">\n\t\t\t\t\t\t\t<div class=\"elementor-divider\">\n\t\t\t<span class=\"elementor-divider-separator\">\n\t\t\t\t\t\t<\/span>\n\t\t<\/div>\n\t\t\t\t\t\t<\/div>\n\t\t\t\t<\/div>\n\t\t\t\t<div class=\"elementor-element elementor-element-615436e elementor-widget__width-auto elementor-widget elementor-widget-text-editor\" data-id=\"615436e\" data-element_type=\"widget\" data-widget_type=\"text-editor.default\">\n\t\t\t\t<div class=\"elementor-widget-container\">\n\t\t\t\t\t\t\t\t\t<p>Statut:<\/p>\t\t\t\t\t\t\t\t<\/div>\n\t\t\t\t<\/div>\n\t\t\t\t<div class=\"elementor-element elementor-element-3d70df2 elementor-invisible elementor-widget elementor-widget-heading\" data-id=\"3d70df2\" data-element_type=\"widget\" data-settings=\"{&quot;_animation&quot;:&quot;fadeInDown&quot;}\" data-widget_type=\"heading.default\">\n\t\t\t\t<div class=\"elementor-widget-container\">\n\t\t\t\t\t<h5 class=\"elementor-heading-title elementor-size-default\">En cours<\/h5>\t\t\t\t<\/div>\n\t\t\t\t<\/div>\n\t\t\t\t\t<\/div>\n\t\t<\/div>\n\t\t\t\t<div class=\"elementor-column elementor-col-50 elementor-inner-column elementor-element elementor-element-9180138\" data-id=\"9180138\" data-element_type=\"column\">\n\t\t\t<div class=\"elementor-widget-wrap elementor-element-populated\">\n\t\t\t\t\t\t<div class=\"elementor-element elementor-element-131b28f elementor-widget elementor-widget-image\" data-id=\"131b28f\" data-element_type=\"widget\" data-widget_type=\"image.default\">\n\t\t\t\t<div class=\"elementor-widget-container\">\n\t\t\t\t\t\t\t\t\t\t\t\t\t\t\t\t<a href=\"https:\/\/cubovertical.pt\/wp-content\/uploads\/2025\/01\/PAVILHAO-INDUSTRIAL-COMERCIAL-4.png\" data-elementor-open-lightbox=\"yes\" data-elementor-lightbox-title=\"PAVILLON INDUSTRIEL-COMMERCIAL-4\" data-e-action-hash=\"#elementor-action%3Aaction%3Dlightbox%26settings%3DeyJpZCI6ODExLCJ1cmwiOiJodHRwczpcL1wvY3Vib3ZlcnRpY2FsLnB0XC93cC1jb250ZW50XC91cGxvYWRzXC8yMDI1XC8wMVwvUEFWSUxIQU8tSU5EVVNUUklBTC1DT01FUkNJQUwtNC5wbmcifQ%3D%3D\">\n\t\t\t\t\t\t\t<img loading=\"lazy\" decoding=\"async\" width=\"501\" height=\"325\" src=\"https:\/\/cubovertical.pt\/wp-content\/uploads\/2025\/01\/PAVILHAO-INDUSTRIAL-COMERCIAL-4.png\" class=\"attachment-full size-full wp-image-811\" alt=\"\" srcset=\"https:\/\/cubovertical.pt\/wp-content\/uploads\/2025\/01\/PAVILHAO-INDUSTRIAL-COMERCIAL-4.png 501w, https:\/\/cubovertical.pt\/wp-content\/uploads\/2025\/01\/PAVILHAO-INDUSTRIAL-COMERCIAL-4-300x195.png 300w\" sizes=\"(max-width: 501px) 100vw, 501px\" \/>\t\t\t\t\t\t\t\t<\/a>\n\t\t\t\t\t\t\t\t\t\t\t\t\t\t\t<\/div>\n\t\t\t\t<\/div>\n\t\t\t\t\t<\/div>\n\t\t<\/div>\n\t\t\t\t\t<\/div>\n\t\t<\/section>\n\t\t\t\t\t<\/div>\n\t\t<\/div>\n\t\t\t\t\t<\/div>\n\t\t<\/section>\n\t\t\t\t<\/div>\n\t\t\t\t<\/div>\n\t\t\t\t\t\t<\/div>\n\t\t\t\t<\/div>\n\t\t\t\t<\/div>\n\t\t\t\t<\/div>\n\t\t","protected":false},"excerpt":{"rendered":"","protected":false},"author":1,"featured_media":0,"parent":1095,"menu_order":0,"comment_status":"closed","ping_status":"closed","template":"","meta":{"footnotes":""},"class_list":["post-1113","page","type-page","status-publish","hentry"],"_links":{"self":[{"href":"https:\/\/cubovertical.pt\/fr\/wp-json\/wp\/v2\/pages\/1113","targetHints":{"allow":["GET"]}}],"collection":[{"href":"https:\/\/cubovertical.pt\/fr\/wp-json\/wp\/v2\/pages"}],"about":[{"href":"https:\/\/cubovertical.pt\/fr\/wp-json\/wp\/v2\/types\/page"}],"author":[{"embeddable":true,"href":"https:\/\/cubovertical.pt\/fr\/wp-json\/wp\/v2\/users\/1"}],"replies":[{"embeddable":true,"href":"https:\/\/cubovertical.pt\/fr\/wp-json\/wp\/v2\/comments?post=1113"}],"version-history":[{"count":1,"href":"https:\/\/cubovertical.pt\/fr\/wp-json\/wp\/v2\/pages\/1113\/revisions"}],"predecessor-version":[{"id":1114,"href":"https:\/\/cubovertical.pt\/fr\/wp-json\/wp\/v2\/pages\/1113\/revisions\/1114"}],"up":[{"embeddable":true,"href":"https:\/\/cubovertical.pt\/fr\/wp-json\/wp\/v2\/pages\/1095"}],"wp:attachment":[{"href":"https:\/\/cubovertical.pt\/fr\/wp-json\/wp\/v2\/media?parent=1113"}],"curies":[{"name":"wp","href":"https:\/\/api.w.org\/{rel}","templated":true}]}}